{"id":91,"date":"2021-07-27T17:30:01","date_gmt":"2021-07-27T17:30:01","guid":{"rendered":"https:\/\/indismatic.es\/igualdadenlared\/?page_id=91"},"modified":"2021-11-02T18:02:20","modified_gmt":"2021-11-02T18:02:20","slug":"videos","status":"publish","type":"page","link":"https:\/\/indismatic.es\/igualdadenlared\/index.php\/videos\/","title":{"rendered":"V\u00eddeos"},"content":{"rendered":"\n<p>Tras un d\u00eda nublado sale un d\u00eda soleado, no dejes que las nubes que impidan disfrutar de un buen futuro. Te animo a que veas este v\u00eddeo (3,03 minutos).<\/p>\n\n\n\n<figure class=\"wp-block-embed is-type-video is-provider-youtube wp-block-embed-youtube wp-embed-aspect-16-9 wp-has-aspect-ratio\"><div class=\"wp-block-embed__wrapper\">\n<iframe loading=\"lazy\" title=\"MENSAJE PARA REFLEXIONAR (Michael Ronda - ES POSIBLE)\" width=\"640\" height=\"360\" src=\"https:\/\/www.youtube.com\/embed\/7jamzK0C4Eg?feature=oembed\" frameborder=\"0\" allow=\"accelerometer; autoplay; clipboard-write; encrypted-media; gyroscope; picture-in-picture\" allowfullscreen><\/iframe>\n<\/div><\/figure>\n\n\n\n<p><\/p>\n\n\n\n<p>Debes sentirte seguro de qui\u00e9n eres y de donde vienes. No dejes apagar tu luz por comentarios negativos. <\/p>\n\n\n\n<p>\u201cPorque ser libre no es solamente desamarrarse las propias cadenas, sino vivir en una forma que respete y mejore la libertad de los dem\u00e1s\u201d <em>Nelson Mandela <\/em> (2:40 minutos)<\/p>\n\n\n\n<figure class=\"wp-block-embed is-type-video is-provider-youtube wp-block-embed-youtube wp-embed-aspect-16-9 wp-has-aspect-ratio\"><div class=\"wp-block-embed__wrapper\">\n<iframe loading=\"lazy\" title=\"Unidos contra el racismo\" width=\"640\" height=\"360\" src=\"https:\/\/www.youtube.com\/embed\/B_Xmqf5Q5Q8?feature=oembed\" frameborder=\"0\" allow=\"accelerometer; autoplay; clipboard-write; encrypted-media; gyroscope; picture-in-picture\" allowfullscreen><\/iframe>\n<\/div><\/figure>\n\n\n\n<p>&#8220;Espero que las personas finalmente se den cuenta de que solo hay una raza &#8211; la raza humana-y que todos somos miembros de ella&#8221; <em>Margaret Atwood<\/em> (4:39 minutos)<\/p>\n\n\n\n<figure class=\"wp-block-embed is-type-video is-provider-youtube wp-block-embed-youtube wp-embed-aspect-16-9 wp-has-aspect-ratio\"><div class=\"wp-block-embed__wrapper\">\n<iframe loading=\"lazy\" title=\"Una c\u00e1mara oculta capta la reacci\u00f3n de la gente ante el racismo #EsRacismo\" width=\"640\" height=\"360\" src=\"https:\/\/www.youtube.com\/embed\/MxhKeOseu0c?feature=oembed\" frameborder=\"0\" allow=\"accelerometer; autoplay; clipboard-write; encrypted-media; gyroscope; picture-in-picture\" allowfullscreen><\/iframe>\n<\/div><\/figure>\n\n\n\n<p>&#8220;Ser hermoso significa ser t\u00fa mismo. No necesitas ser aceptado por otros. Necesitas ser aceptado por ti mismo&#8221; <em>Thich Nhat Hanh<\/em> (4:36 minutos)<\/p>\n\n\n\n<figure class=\"wp-block-embed is-type-video is-provider-youtube wp-block-embed-youtube wp-embed-aspect-16-9 wp-has-aspect-ratio\"><div class=\"wp-block-embed__wrapper\">\n<iframe loading=\"lazy\" title=\"Aceptaci\u00f3n: un Experimento Social sobre Transexualidad\" width=\"640\" height=\"360\" src=\"https:\/\/www.youtube.com\/embed\/_EbK35yovgc?feature=oembed\" frameborder=\"0\" allow=\"accelerometer; autoplay; clipboard-write; encrypted-media; gyroscope; picture-in-picture\" allowfullscreen><\/iframe>\n<\/div><\/figure>\n","protected":false},"excerpt":{"rendered":"<p>Tras un d\u00eda nublado sale un d\u00eda soleado, no dejes que las nubes que impidan disfrutar de un buen futuro. Te animo a que veas este v\u00eddeo (3,03 minutos). Debes sentirte seguro de qui\u00e9n eres y de donde vienes. No dejes apagar tu luz por comentarios negativos. \u201cPorque ser libre no es solamente desamarrarse las propias cadenas, sino vivir en una forma que respete y mejore la libertad de los&hellip;<\/p>\n","protected":false},"author":1,"featured_media":0,"parent":0,"menu_order":0,"comment_status":"closed","ping_status":"closed","template":"","meta":{"om_disable_all_campaigns":false,"_monsterinsights_skip_tracking":false,"_monsterinsights_sitenote_active":false,"_monsterinsights_sitenote_note":"","_monsterinsights_sitenote_category":0},"_links":{"self":[{"href":"https:\/\/indismatic.es\/igualdadenlared\/index.php\/wp-json\/wp\/v2\/pages\/91"}],"collection":[{"href":"https:\/\/indismatic.es\/igualdadenlared\/index.php\/wp-json\/wp\/v2\/pages"}],"about":[{"href":"https:\/\/indismatic.es\/igualdadenlared\/index.php\/wp-json\/wp\/v2\/types\/page"}],"author":[{"embeddable":true,"href":"https:\/\/indismatic.es\/igualdadenlared\/index.php\/wp-json\/wp\/v2\/users\/1"}],"replies":[{"embeddable":true,"href":"https:\/\/indismatic.es\/igualdadenlared\/index.php\/wp-json\/wp\/v2\/comments?post=91"}],"version-history":[{"count":5,"href":"https:\/\/indismatic.es\/igualdadenlared\/index.php\/wp-json\/wp\/v2\/pages\/91\/revisions"}],"predecessor-version":[{"id":134,"href":"https:\/\/indismatic.es\/igualdadenlared\/index.php\/wp-json\/wp\/v2\/pages\/91\/revisions\/134"}],"wp:attachment":[{"href":"https:\/\/indismatic.es\/igualdadenlared\/index.php\/wp-json\/wp\/v2\/media?parent=91"}],"curies":[{"name":"wp","href":"https:\/\/api.w.org\/{rel}","templated":true}]}}