{"id":2,"date":"2021-07-06T17:23:31","date_gmt":"2021-07-06T17:23:31","guid":{"rendered":"https:\/\/indismatic.es\/igualdadenlared\/?page_id=2"},"modified":"2021-11-02T17:31:44","modified_gmt":"2021-11-02T17:31:44","slug":"pagina-ejemplo","status":"publish","type":"page","link":"https:\/\/indismatic.es\/igualdadenlared\/index.php\/pagina-ejemplo\/","title":{"rendered":"Igualderos"},"content":{"rendered":"\n<figure class=\"wp-block-image size-large\"><img loading=\"lazy\" width=\"1024\" height=\"762\" src=\"https:\/\/indismatic.es\/igualdadenlared\/wp-content\/uploads\/2021\/11\/original-5e7a72ae-ec4f-4b47-bb45-5c121b2e187e-1024x762.jpeg\" alt=\"\" class=\"wp-image-116\" srcset=\"https:\/\/indismatic.es\/igualdadenlared\/wp-content\/uploads\/2021\/11\/original-5e7a72ae-ec4f-4b47-bb45-5c121b2e187e-1024x762.jpeg 1024w, https:\/\/indismatic.es\/igualdadenlared\/wp-content\/uploads\/2021\/11\/original-5e7a72ae-ec4f-4b47-bb45-5c121b2e187e-300x223.jpeg 300w, https:\/\/indismatic.es\/igualdadenlared\/wp-content\/uploads\/2021\/11\/original-5e7a72ae-ec4f-4b47-bb45-5c121b2e187e-768x572.jpeg 768w, https:\/\/indismatic.es\/igualdadenlared\/wp-content\/uploads\/2021\/11\/original-5e7a72ae-ec4f-4b47-bb45-5c121b2e187e.jpeg 1440w\" sizes=\"(max-width: 1024px) 100vw, 1024px\" \/><\/figure>\n\n\n\n<p><strong>Nicolas Vargas (Colombia)<\/strong><\/p>\n\n\n\n<figure class=\"wp-block-image size-large\"><img loading=\"lazy\" width=\"576\" height=\"1024\" src=\"https:\/\/indismatic.es\/igualdadenlared\/wp-content\/uploads\/2021\/11\/processed-87c0bb7c-a759-42ee-9b1f-fd16fb0da9c2_lek33juh-576x1024.jpeg\" alt=\"\" class=\"wp-image-117\" srcset=\"https:\/\/indismatic.es\/igualdadenlared\/wp-content\/uploads\/2021\/11\/processed-87c0bb7c-a759-42ee-9b1f-fd16fb0da9c2_lek33juh-576x1024.jpeg 576w, https:\/\/indismatic.es\/igualdadenlared\/wp-content\/uploads\/2021\/11\/processed-87c0bb7c-a759-42ee-9b1f-fd16fb0da9c2_lek33juh-169x300.jpeg 169w, https:\/\/indismatic.es\/igualdadenlared\/wp-content\/uploads\/2021\/11\/processed-87c0bb7c-a759-42ee-9b1f-fd16fb0da9c2_lek33juh-768x1365.jpeg 768w, https:\/\/indismatic.es\/igualdadenlared\/wp-content\/uploads\/2021\/11\/processed-87c0bb7c-a759-42ee-9b1f-fd16fb0da9c2_lek33juh-864x1536.jpeg 864w, https:\/\/indismatic.es\/igualdadenlared\/wp-content\/uploads\/2021\/11\/processed-87c0bb7c-a759-42ee-9b1f-fd16fb0da9c2_lek33juh-1152x2048.jpeg 1152w, https:\/\/indismatic.es\/igualdadenlared\/wp-content\/uploads\/2021\/11\/processed-87c0bb7c-a759-42ee-9b1f-fd16fb0da9c2_lek33juh.jpeg 1440w\" sizes=\"(max-width: 576px) 100vw, 576px\" \/><\/figure>\n\n\n\n<p>Mar\u00eda Patricia Gonz\u00e1lez (Colombia)<\/p>\n\n\n\n<figure class=\"wp-block-image size-large\"><img loading=\"lazy\" width=\"1024\" height=\"768\" src=\"https:\/\/indismatic.es\/igualdadenlared\/wp-content\/uploads\/2021\/11\/original-373d2029-ffa4-42bf-9814-6a3afb810717-1024x768.jpeg\" alt=\"\" class=\"wp-image-118\" srcset=\"https:\/\/indismatic.es\/igualdadenlared\/wp-content\/uploads\/2021\/11\/original-373d2029-ffa4-42bf-9814-6a3afb810717-1024x768.jpeg 1024w, https:\/\/indismatic.es\/igualdadenlared\/wp-content\/uploads\/2021\/11\/original-373d2029-ffa4-42bf-9814-6a3afb810717-300x225.jpeg 300w, https:\/\/indismatic.es\/igualdadenlared\/wp-content\/uploads\/2021\/11\/original-373d2029-ffa4-42bf-9814-6a3afb810717-768x576.jpeg 768w, https:\/\/indismatic.es\/igualdadenlared\/wp-content\/uploads\/2021\/11\/original-373d2029-ffa4-42bf-9814-6a3afb810717.jpeg 1280w\" sizes=\"(max-width: 1024px) 100vw, 1024px\" \/><\/figure>\n\n\n\n<p>Sebasti\u00e1n Bernal (Colombia)<\/p>\n","protected":false},"excerpt":{"rendered":"<p>Nicolas Vargas (Colombia) Mar\u00eda Patricia Gonz\u00e1lez (Colombia) Sebasti\u00e1n Bernal (Colombia)<\/p>\n","protected":false},"author":1,"featured_media":0,"parent":0,"menu_order":0,"comment_status":"closed","ping_status":"open","template":"","meta":{"om_disable_all_campaigns":false,"_monsterinsights_skip_tracking":false,"_monsterinsights_sitenote_active":false,"_monsterinsights_sitenote_note":"","_monsterinsights_sitenote_category":0},"_links":{"self":[{"href":"https:\/\/indismatic.es\/igualdadenlared\/index.php\/wp-json\/wp\/v2\/pages\/2"}],"collection":[{"href":"https:\/\/indismatic.es\/igualdadenlared\/index.php\/wp-json\/wp\/v2\/pages"}],"about":[{"href":"https:\/\/indismatic.es\/igualdadenlared\/index.php\/wp-json\/wp\/v2\/types\/page"}],"author":[{"embeddable":true,"href":"https:\/\/indismatic.es\/igualdadenlared\/index.php\/wp-json\/wp\/v2\/users\/1"}],"replies":[{"embeddable":true,"href":"https:\/\/indismatic.es\/igualdadenlared\/index.php\/wp-json\/wp\/v2\/comments?post=2"}],"version-history":[{"count":1,"href":"https:\/\/indismatic.es\/igualdadenlared\/index.php\/wp-json\/wp\/v2\/pages\/2\/revisions"}],"predecessor-version":[{"id":119,"href":"https:\/\/indismatic.es\/igualdadenlared\/index.php\/wp-json\/wp\/v2\/pages\/2\/revisions\/119"}],"wp:attachment":[{"href":"https:\/\/indismatic.es\/igualdadenlared\/index.php\/wp-json\/wp\/v2\/media?parent=2"}],"curies":[{"name":"wp","href":"https:\/\/api.w.org\/{rel}","templated":true}]}}