{"id":125,"date":"2021-11-02T17:49:42","date_gmt":"2021-11-02T17:49:42","guid":{"rendered":"https:\/\/indismatic.es\/igualdadenlared\/?page_id=125"},"modified":"2021-11-02T17:51:04","modified_gmt":"2021-11-02T17:51:04","slug":"colabora","status":"publish","type":"page","link":"https:\/\/indismatic.es\/igualdadenlared\/index.php\/colabora\/","title":{"rendered":"Colabora"},"content":{"rendered":"\n<p>Desde la <a href=\"http:\/\/indismatic.es\" target=\"_blank\" rel=\"noreferrer noopener\" title=\"indismatic.es\"><strong>asociaci\u00f3n Indismatic<\/strong><\/a> queremos que esta sea una p\u00e1gina muy din\u00e1mica en la cual cualquier persona pueda colaborar.<\/p>\n\n\n\n<p>\u00bfC\u00f3mo puedes hacerlo? Muy f\u00e1cil.<\/p>\n\n\n\n<p>Si quieres hacernos llegar:<br>&#8211; Una imagen con un mensaje de \u00e1nimo<br>&#8211; Un v\u00eddeo que hayas encontrado por internet o bien un v\u00eddeo propio apoyando<br>&#8211; Un mensaje de \u00e1nimo<br>&#8230;<\/p>\n\n\n\n<p>Estaremos encantados de publicarlo! H\u00e1znoslos llegar a igualdadenlared @ indismatic.es<\/p>\n\n\n\n<figure class=\"wp-block-image size-large is-style-rounded\"><img loading=\"lazy\" width=\"1024\" height=\"683\" src=\"https:\/\/indismatic.es\/igualdadenlared\/wp-content\/uploads\/2021\/11\/pencils-452238_1920-1024x683.jpg\" alt=\"\" class=\"wp-image-127\" srcset=\"https:\/\/indismatic.es\/igualdadenlared\/wp-content\/uploads\/2021\/11\/pencils-452238_1920-1024x683.jpg 1024w, https:\/\/indismatic.es\/igualdadenlared\/wp-content\/uploads\/2021\/11\/pencils-452238_1920-300x200.jpg 300w, https:\/\/indismatic.es\/igualdadenlared\/wp-content\/uploads\/2021\/11\/pencils-452238_1920-768x512.jpg 768w, https:\/\/indismatic.es\/igualdadenlared\/wp-content\/uploads\/2021\/11\/pencils-452238_1920-1536x1024.jpg 1536w, https:\/\/indismatic.es\/igualdadenlared\/wp-content\/uploads\/2021\/11\/pencils-452238_1920.jpg 1920w\" sizes=\"(max-width: 1024px) 100vw, 1024px\" \/><\/figure>\n","protected":false},"excerpt":{"rendered":"<p>Desde la asociaci\u00f3n Indismatic queremos que esta sea una p\u00e1gina muy din\u00e1mica en la cual cualquier persona pueda colaborar. \u00bfC\u00f3mo puedes hacerlo? Muy f\u00e1cil. Si quieres hacernos llegar:&#8211; Una imagen con un mensaje de \u00e1nimo&#8211; Un v\u00eddeo que hayas encontrado por internet o bien un v\u00eddeo propio apoyando&#8211; Un mensaje de \u00e1nimo&#8230; Estaremos encantados de publicarlo! H\u00e1znoslos llegar a igualdadenlared @ indismatic.es<\/p>\n","protected":false},"author":1,"featured_media":0,"parent":0,"menu_order":0,"comment_status":"closed","ping_status":"closed","template":"","meta":{"om_disable_all_campaigns":false,"_monsterinsights_skip_tracking":false,"_monsterinsights_sitenote_active":false,"_monsterinsights_sitenote_note":"","_monsterinsights_sitenote_category":0},"_links":{"self":[{"href":"https:\/\/indismatic.es\/igualdadenlared\/index.php\/wp-json\/wp\/v2\/pages\/125"}],"collection":[{"href":"https:\/\/indismatic.es\/igualdadenlared\/index.php\/wp-json\/wp\/v2\/pages"}],"about":[{"href":"https:\/\/indismatic.es\/igualdadenlared\/index.php\/wp-json\/wp\/v2\/types\/page"}],"author":[{"embeddable":true,"href":"https:\/\/indismatic.es\/igualdadenlared\/index.php\/wp-json\/wp\/v2\/users\/1"}],"replies":[{"embeddable":true,"href":"https:\/\/indismatic.es\/igualdadenlared\/index.php\/wp-json\/wp\/v2\/comments?post=125"}],"version-history":[{"count":2,"href":"https:\/\/indismatic.es\/igualdadenlared\/index.php\/wp-json\/wp\/v2\/pages\/125\/revisions"}],"predecessor-version":[{"id":129,"href":"https:\/\/indismatic.es\/igualdadenlared\/index.php\/wp-json\/wp\/v2\/pages\/125\/revisions\/129"}],"wp:attachment":[{"href":"https:\/\/indismatic.es\/igualdadenlared\/index.php\/wp-json\/wp\/v2\/media?parent=125"}],"curies":[{"name":"wp","href":"https:\/\/api.w.org\/{rel}","templated":true}]}}